{"id":104,"date":"2012-10-09T23:32:17","date_gmt":"2012-10-09T21:32:17","guid":{"rendered":"http:\/\/www.tcbodio.ch\/wordpress\/?page_id=104"},"modified":"2026-04-05T20:44:40","modified_gmt":"2026-04-05T18:44:40","slug":"gerenza","status":"publish","type":"page","link":"https:\/\/www.tcbodio.ch\/?page_id=104","title":{"rendered":"Gerenza"},"content":{"rendered":"<p><strong>Gerenza<\/strong><\/p>\n<p>Per la stagione 2026 la gerenza dello Snack-Bar del Tennis Club Bodio sar\u00e0 affidata a Franco Rocca, gerente di esperienza con trascorsi alla club-house del TC Cureglia.<\/p>\n<p>Il nuovo staff \u00e8 molto affiatato e&nbsp; cercher\u00e0 di soddisfare nel miglior modo possibile le esigenti richieste di tutti gli avventori.<\/p>\n","protected":false},"excerpt":{"rendered":"<p>Gerenza Per la stagione 2026 la gerenza dello Snack-Bar del Tennis Club Bodio sar\u00e0 affidata a Franco Rocca, gerente di esperienza con trascorsi alla club-house del TC Cureglia. Il nuovo staff \u00e8 molto affiatato e&nbsp; cercher\u00e0 di soddisfare nel miglior modo possibile le esigenti richieste di tutti gli avventori.<\/p>\n","protected":false},"author":1,"featured_media":1941,"parent":114,"menu_order":6,"comment_status":"closed","ping_status":"open","template":"","meta":{"ngg_post_thumbnail":0,"footnotes":"","_links_to":"","_links_to_target":""},"class_list":["post-104","page","type-page","status-publish","has-post-thumbnail","hentry"],"_links":{"self":[{"href":"https:\/\/www.tcbodio.ch\/index.php?rest_route=\/wp\/v2\/pages\/104","targetHints":{"allow":["GET"]}}],"collection":[{"href":"https:\/\/www.tcbodio.ch\/index.php?rest_route=\/wp\/v2\/pages"}],"about":[{"href":"https:\/\/www.tcbodio.ch\/index.php?rest_route=\/wp\/v2\/types\/page"}],"author":[{"embeddable":true,"href":"https:\/\/www.tcbodio.ch\/index.php?rest_route=\/wp\/v2\/users\/1"}],"replies":[{"embeddable":true,"href":"https:\/\/www.tcbodio.ch\/index.php?rest_route=%2Fwp%2Fv2%2Fcomments&post=104"}],"version-history":[{"count":17,"href":"https:\/\/www.tcbodio.ch\/index.php?rest_route=\/wp\/v2\/pages\/104\/revisions"}],"predecessor-version":[{"id":4605,"href":"https:\/\/www.tcbodio.ch\/index.php?rest_route=\/wp\/v2\/pages\/104\/revisions\/4605"}],"up":[{"embeddable":true,"href":"https:\/\/www.tcbodio.ch\/index.php?rest_route=\/wp\/v2\/pages\/114"}],"wp:featuredmedia":[{"embeddable":true,"href":"https:\/\/www.tcbodio.ch\/index.php?rest_route=\/wp\/v2\/media\/1941"}],"wp:attachment":[{"href":"https:\/\/www.tcbodio.ch\/index.php?rest_route=%2Fwp%2Fv2%2Fmedia&parent=104"}],"curies":[{"name":"wp","href":"https:\/\/api.w.org\/{rel}","templated":true}]}}